{"id":51,"date":"2019-03-25T08:50:54","date_gmt":"2019-03-25T07:50:54","guid":{"rendered":"https:\/\/atencionalcliente.autoestradas.com\/?page_id=51"},"modified":"2022-04-25T12:06:52","modified_gmt":"2022-04-25T10:06:52","slug":"axudamoste","status":"publish","type":"page","link":"https:\/\/atencionalcliente.autoestradas.com\/gl\/axudamoste\/","title":{"rendered":"Axudamoste"},"content":{"rendered":"\t\t<div data-elementor-type=\"wp-post\" data-elementor-id=\"51\" class=\"elementor elementor-51\">\n\t\t\t\t\t\t<section class=\"elementor-section elementor-top-section elementor-element elementor-element-d9e3f62 elementor-section-height-min-height elementor-section-stretched elementor-section-boxed elementor-section-height-default elementor-section-items-middle\" data-id=\"d9e3f62\" data-element_type=\"section\" data-e-type=\"section\" data-settings=\"{&quot;stretch_section&quot;:&quot;section-stretched&quot;,&quot;background_background&quot;:&quot;classic&quot;}\">\n\t\t\t\t\t\t\t<div class=\"elementor-background-overlay\"><\/div>\n\t\t\t\t\t\t\t<div class=\"elementor-container elementor-column-gap-default\">\n\t\t\t\t\t<div class=\"elementor-column elementor-col-100 elementor-top-column elementor-element elementor-element-e772cfd\" data-id=\"e772cfd\" data-element_type=\"column\" data-e-type=\"column\">\n\t\t\t<div class=\"elementor-widget-wrap elementor-element-populated\">\n\t\t\t\t\t\t<div class=\"elementor-element elementor-element-b57a1b1 elementor-widget elementor-widget-heading\" data-id=\"b57a1b1\" data-element_type=\"widget\" data-e-type=\"widget\" data-widget_type=\"heading.default\">\n\t\t\t\t<div class=\"elementor-widget-container\">\n\t\t\t\t\t<p class=\"elementor-heading-title elementor-size-default\">Como podemos axudarte?<\/p>\t\t\t\t<\/div>\n\t\t\t\t<\/div>\n\t\t\t\t<div class=\"elementor-element elementor-element-a8381df elementor-widget elementor-widget-heading\" data-id=\"a8381df\" data-element_type=\"widget\" data-e-type=\"widget\" data-widget_type=\"heading.default\">\n\t\t\t\t<div class=\"elementor-widget-container\">\n\t\t\t\t\t<p class=\"elementor-heading-title elementor-size-default\">Enche o formulario e contactaremos contigo o antes posible<\/p>\t\t\t\t<\/div>\n\t\t\t\t<\/div>\n\t\t\t\t\t<\/div>\n\t\t<\/div>\n\t\t\t\t\t<\/div>\n\t\t<\/section>\n\t\t\t\t<section class=\"elementor-section elementor-top-section elementor-element elementor-element-f084c4f elementor-section-boxed elementor-section-height-default elementor-section-height-default\" data-id=\"f084c4f\" data-element_type=\"section\" data-e-type=\"section\">\n\t\t\t\t\t\t<div class=\"elementor-container elementor-column-gap-default\">\n\t\t\t\t\t<div class=\"elementor-column elementor-col-100 elementor-top-column elementor-element elementor-element-c41c5a2\" data-id=\"c41c5a2\" data-element_type=\"column\" data-e-type=\"column\" data-settings=\"{&quot;background_background&quot;:&quot;classic&quot;}\">\n\t\t\t<div class=\"elementor-widget-wrap elementor-element-populated\">\n\t\t\t\t\t\t<div class=\"elementor-element elementor-element-ac81ae6 elementor-widget elementor-widget-shortcode\" data-id=\"ac81ae6\" data-element_type=\"widget\" data-e-type=\"widget\" data-widget_type=\"shortcode.default\">\n\t\t\t\t<div class=\"elementor-widget-container\">\n\t\t\t\t\t\t\t<div class=\"elementor-shortcode\">\n<div class=\"wpcf7 no-js\" id=\"wpcf7-f1670-o1\" lang=\"gl-ES\" dir=\"ltr\" data-wpcf7-id=\"1670\">\n<div class=\"screen-reader-response\"><p role=\"status\" aria-live=\"polite\" aria-atomic=\"true\"><\/p> <ul><\/ul><\/div>\n<form action=\"\/gl\/wp-json\/wp\/v2\/pages\/51#wpcf7-f1670-o1\" method=\"post\" class=\"wpcf7-form init\" aria-label=\"Formulario de contacto\" enctype=\"multipart\/form-data\" novalidate=\"novalidate\" data-status=\"init\">\n<fieldset class=\"hidden-fields-container\"><input type=\"hidden\" name=\"_wpcf7\" value=\"1670\" \/><input type=\"hidden\" name=\"_wpcf7_version\" value=\"6.1.5\" \/><input type=\"hidden\" name=\"_wpcf7_locale\" value=\"gl_ES\" \/><input type=\"hidden\" name=\"_wpcf7_unit_tag\" value=\"wpcf7-f1670-o1\" \/><input type=\"hidden\" name=\"_wpcf7_container_post\" value=\"0\" \/><input type=\"hidden\" name=\"_wpcf7_posted_data_hash\" value=\"\" \/><input type=\"hidden\" name=\"_wpcf7cf_hidden_group_fields\" value=\"[]\" \/><input type=\"hidden\" name=\"_wpcf7cf_hidden_groups\" value=\"[]\" \/><input type=\"hidden\" name=\"_wpcf7cf_visible_groups\" value=\"[]\" \/><input type=\"hidden\" name=\"_wpcf7cf_repeaters\" value=\"[]\" \/><input type=\"hidden\" name=\"_wpcf7cf_steps\" value=\"{}\" \/><input type=\"hidden\" name=\"_wpcf7cf_options\" value=\"{&quot;form_id&quot;:1670,&quot;conditions&quot;:[{&quot;then_field&quot;:&quot;efectivo-g&quot;,&quot;and_rules&quot;:[{&quot;if_field&quot;:&quot;formadepago&quot;,&quot;operator&quot;:&quot;equals&quot;,&quot;if_value&quot;:&quot;Efectivo&quot;}]},{&quot;then_field&quot;:&quot;viat-g&quot;,&quot;and_rules&quot;:[{&quot;if_field&quot;:&quot;formadepago&quot;,&quot;operator&quot;:&quot;equals&quot;,&quot;if_value&quot;:&quot;V\\u00eda-T&quot;}]},{&quot;then_field&quot;:&quot;tarxeta-g&quot;,&quot;and_rules&quot;:[{&quot;if_field&quot;:&quot;formadepago&quot;,&quot;operator&quot;:&quot;equals&quot;,&quot;if_value&quot;:&quot;Tarxeta&quot;}]},{&quot;then_field&quot;:&quot;pago-g&quot;,&quot;and_rules&quot;:[{&quot;if_field&quot;:&quot;Asuntodasaconsulta&quot;,&quot;operator&quot;:&quot;equals&quot;,&quot;if_value&quot;:&quot;Consulta&quot;}]},{&quot;then_field&quot;:&quot;pago-g&quot;,&quot;and_rules&quot;:[{&quot;if_field&quot;:&quot;Asuntodasaconsulta&quot;,&quot;operator&quot;:&quot;equals&quot;,&quot;if_value&quot;:&quot;Reclamaci\\u00f3n&quot;}]},{&quot;then_field&quot;:&quot;pago-g&quot;,&quot;and_rules&quot;:[{&quot;if_field&quot;:&quot;Asuntodasaconsulta&quot;,&quot;operator&quot;:&quot;equals&quot;,&quot;if_value&quot;:&quot;D\\u00fabida&quot;}]},{&quot;then_field&quot;:&quot;Matricula&quot;,&quot;and_rules&quot;:[{&quot;if_field&quot;:&quot;Vehiculo&quot;,&quot;operator&quot;:&quot;equals&quot;,&quot;if_value&quot;:&quot;Lixeiro&quot;}]},{&quot;then_field&quot;:&quot;Matricula&quot;,&quot;and_rules&quot;:[{&quot;if_field&quot;:&quot;Vehiculo&quot;,&quot;operator&quot;:&quot;equals&quot;,&quot;if_value&quot;:&quot;Pesado&quot;}]},{&quot;then_field&quot;:&quot;legal&quot;,&quot;and_rules&quot;:[{&quot;if_field&quot;:&quot;checkbox-51&quot;,&quot;operator&quot;:&quot;equals&quot;,&quot;if_value&quot;:&quot;S\\u00f3 alg\\u00fans&quot;}]}],&quot;settings&quot;:{&quot;animation&quot;:&quot;yes&quot;,&quot;animation_intime&quot;:200,&quot;animation_outtime&quot;:200,&quot;conditions_ui&quot;:&quot;normal&quot;,&quot;notice_dismissed&quot;:false,&quot;notice_dismissed_rollback-cf7-5.4.1&quot;:true,&quot;notice_dismissed_update-cf7-5.7.6&quot;:true}}\" \/><input type=\"hidden\" name=\"_map_author\" value=\"1\" \/><input type=\"hidden\" name=\"_c2p_nonce\" value=\"474639e004\" \/><input type=\"hidden\" name=\"_wpnonce\" value=\"74afc8627c\" \/>\n<\/fieldset>\n<p>Selecciona o motivo da t\u00faa comunicaci\u00f3n <span class=\"wpcf7-form-control-wrap\" data-name=\"Asuntodasaconsulta\"><select class=\"wpcf7-form-control wpcf7-select wpcf7-validates-as-required\" aria-required=\"true\" aria-invalid=\"false\" name=\"Asuntodasaconsulta\"><option value=\"Consulta\">Consulta<\/option><option value=\"Suxerencia\">Suxerencia<\/option><option value=\"Reclamaci\u00f3n\">Reclamaci\u00f3n<\/option><\/select><\/span>\n<\/p>\n<p>Formula o teu comentario<br \/>\n<span class=\"wpcf7-form-control-wrap\" data-name=\"comentario\"><textarea cols=\"40\" rows=\"10\" maxlength=\"2000\" class=\"wpcf7-form-control wpcf7-textarea wpcf7-validates-as-required\" aria-required=\"true\" aria-invalid=\"false\" name=\"comentario\"><\/textarea><\/span>\n<\/p>\n<p>Nome e apelidos ou raz\u00f3n social<br \/>\n<span class=\"wpcf7-form-control-wrap\" data-name=\"nome\"><input size=\"40\" maxlength=\"400\" class=\"wpcf7-form-control wpcf7-text wpcf7-validates-as-required\" aria-required=\"true\" aria-invalid=\"false\" value=\"\" type=\"text\" name=\"nome\" \/><\/span>\n<\/p>\n<p>Correo electr\u00f3nico<br \/>\n<span class=\"wpcf7-form-control-wrap\" data-name=\"email\"><input size=\"40\" maxlength=\"400\" class=\"wpcf7-form-control wpcf7-email wpcf7-validates-as-required wpcf7-text wpcf7-validates-as-email\" aria-required=\"true\" aria-invalid=\"false\" value=\"\" type=\"email\" name=\"email\" \/><\/span>\n<\/p>\n<p>Tel\u00e9fono<br \/>\n<span class=\"wpcf7-form-control-wrap\" data-name=\"telefono\"><input size=\"40\" maxlength=\"400\" class=\"wpcf7-form-control wpcf7-text\" aria-invalid=\"false\" value=\"\" type=\"text\" name=\"telefono\" \/><\/span>\n<\/p>\n<div data-id=\"pago-g\" data-orig_data_id=\"pago-g\"  class=\"\" data-class=\"wpcf7cf_group\">\n\t<p>Forma de pago:<br \/>\n<span class=\"wpcf7-form-control-wrap\" data-name=\"formadepago\"><span class=\"wpcf7-form-control wpcf7-checkbox wpcf7-validates-as-required wpcf7-exclusive-checkbox\"><span class=\"wpcf7-list-item first\"><input type=\"checkbox\" name=\"formadepago\" value=\"V\u00eda-T\" \/><span class=\"wpcf7-list-item-label\">V\u00eda-T<\/span><\/span><span class=\"wpcf7-list-item\"><input type=\"checkbox\" name=\"formadepago\" value=\"Tarxeta\" \/><span class=\"wpcf7-list-item-label\">Tarxeta<\/span><\/span><span class=\"wpcf7-list-item last\"><input type=\"checkbox\" name=\"formadepago\" value=\"Efectivo\" \/><span class=\"wpcf7-list-item-label\">Efectivo<\/span><\/span><\/span><\/span>\n\t<\/p>\n\t<div data-id=\"efectivo-g\" data-orig_data_id=\"efectivo-g\"  class=\"\" data-class=\"wpcf7cf_group\">\n\t\t<p>Ach\u00e9ganos copia do recibo de pago:<br \/>\n<span class=\"wpcf7-form-control-wrap\" data-name=\"recibo\"><input size=\"40\" class=\"wpcf7-form-control wpcf7-file wpcf7-validates-as-required\" accept=\"audio\/*,video\/*,image\/*\" aria-required=\"true\" aria-invalid=\"false\" type=\"file\" name=\"recibo\" \/><\/span>\n\t\t<\/p>\n\t<\/div>\n\t<div data-id=\"viat-g\" data-orig_data_id=\"viat-g\"  class=\"\" data-class=\"wpcf7cf_group\">\n\t\t<p>N\u00famero completo do dispositivo:<br \/>\n<span class=\"wpcf7-form-control-wrap\" data-name=\"dispositivo\"><input size=\"40\" maxlength=\"400\" class=\"wpcf7-form-control wpcf7-text wpcf7-validates-as-required\" aria-required=\"true\" aria-invalid=\"false\" value=\"\" type=\"text\" name=\"dispositivo\" \/><\/span>\n\t\t<\/p>\n\t<\/div>\n\t<div data-id=\"tarxeta-g\" data-orig_data_id=\"tarxeta-g\"  class=\"\" data-class=\"wpcf7cf_group\">\n\t\t<p>N\u00famero completo da tarxeta:<br \/>\n<span class=\"wpcf7-form-control-wrap\" data-name=\"tarxeta\"><input size=\"40\" maxlength=\"400\" class=\"wpcf7-form-control wpcf7-text wpcf7-validates-as-required\" aria-required=\"true\" aria-invalid=\"false\" value=\"\" type=\"text\" name=\"tarxeta\" \/><\/span>\n\t\t<\/p>\n\t<\/div>\n<\/div>\n<p>Veh\u00edculo: <small>(que consideramos veh\u00edculo lixeiro\n\t\t<tip><img decoding=\"async\" class=\"aligncenter size-full wp-image-2027\" src=\"https:\/\/atencionalcliente.autoestradas.com\/wp-content\/uploads\/2022\/02\/ligero.jpg\" alt=\"\" width=\"370\" height=\"103\" srcset=\"https:\/\/atencionalcliente.autoestradas.com\/wp-content\/uploads\/2022\/02\/ligero.jpg 370w, https:\/\/atencionalcliente.autoestradas.com\/wp-content\/uploads\/2022\/02\/ligero-300x84.jpg 300w\" sizes=\"(max-width: 370px) 100vw, 370px\" \/>\n VEH\u00cdCULO LIXEIRO: Motocicletas con ou sen sidecar, turismos sen remolque, turismos con remolque sen roda xemelga en ning\u00fan eixo, furg\u00f3ns e furgonetas de 2 eixos e 4 rodas, furg\u00f3ns con remolque sen roda xemelga en ning\u00fan eixo, microbuses de dous eixos (4 rodas)\n\t\t<\/tip>) <\/small><small>(que consideramos veh\u00edculo pesado\n\t\t<tip><img fetchpriority=\"high\" decoding=\"async\" class=\"aligncenter size-full wp-image-2031\" src=\"https:\/\/atencionalcliente.autoestradas.com\/wp-content\/uploads\/2022\/02\/pesados1.jpg\" alt=\"\" width=\"370\" height=\"151\" srcset=\"https:\/\/atencionalcliente.autoestradas.com\/wp-content\/uploads\/2022\/02\/pesados1.jpg 370w, https:\/\/atencionalcliente.autoestradas.com\/wp-content\/uploads\/2022\/02\/pesados1-300x122.jpg 300w\" sizes=\"(max-width: 370px) 100vw, 370px\" \/><img decoding=\"async\" class=\"aligncenter size-full wp-image-2033\" src=\"https:\/\/atencionalcliente.autoestradas.com\/wp-content\/uploads\/2022\/02\/pesados2.jpg\" alt=\"\" width=\"370\" height=\"103\" srcset=\"https:\/\/atencionalcliente.autoestradas.com\/wp-content\/uploads\/2022\/02\/pesados2.jpg 370w, https:\/\/atencionalcliente.autoestradas.com\/wp-content\/uploads\/2022\/02\/pesados2-300x84.jpg 300w\" sizes=\"(max-width: 370px) 100vw, 370px\" \/>\nVEH\u00cdCULO PESADO: Turismos de 2 eixos e 4 rodas con remolque de 1 eixo con roda xemelga, furg\u00f3ns e furgonetas de 2 eixos e 4 rodas con remolque de 1 eixo con roda xemelga, cami\u00f3ns de 2 eixos, autocares de 2 ou 3 eixos e autocares de 2 eixos con remolque de 1 eixo, cami\u00f3ns de 3 eixos e cami\u00f3ns de 2 eixos con remolque de 1 eixo, turismos de 2 eixos e 4 rodas con remolque de 2 eixos e ao menos cun eixo con roda xemelga, cami\u00f3ns e autocares con ou sen remolque cun total de 4 eixos ou m\u00e1is, furg\u00f3ns e furgonetas (de 2 eixos e 4 rodas con remolque de 2 ou m\u00e1is eixos e ao menos 1 eixo con roda xemelga)\n\t\t<\/tip>) <\/small><br \/>\n<span class=\"wpcf7-form-control-wrap\" data-name=\"Vehiculo\"><span class=\"wpcf7-form-control wpcf7-checkbox wpcf7-validates-as-required wpcf7-exclusive-checkbox\"><span class=\"wpcf7-list-item first\"><input type=\"checkbox\" name=\"Vehiculo\" value=\"Lixeiro\" \/><span class=\"wpcf7-list-item-label\">Lixeiro<\/span><\/span><span class=\"wpcf7-list-item last\"><input type=\"checkbox\" name=\"Vehiculo\" value=\"Pesado\" \/><span class=\"wpcf7-list-item-label\">Pesado<\/span><\/span><\/span><\/span>\n<\/p>\n<div data-id=\"Matricula\" data-orig_data_id=\"Matricula\"  class=\"\" data-class=\"wpcf7cf_group\">\n\t<p>Matr\u00edcula do veh\u00edculo:<br \/>\n<span class=\"wpcf7-form-control-wrap\" data-name=\"matricula\"><input size=\"40\" maxlength=\"400\" class=\"wpcf7-form-control wpcf7-text wpcf7-validates-as-required\" aria-required=\"true\" aria-invalid=\"false\" value=\"\" type=\"text\" name=\"matricula\" \/><\/span>\n\t<\/p>\n<\/div>\n<p>Ach\u00e9ganos a documentaci\u00f3n que consideres oportuna<br \/>\n<span class=\"wpcf7-form-control-wrap\" data-name=\"file-351\"><input size=\"40\" class=\"wpcf7-form-control wpcf7-file\" accept=\"audio\/*,video\/*,image\/*\" aria-invalid=\"false\" type=\"file\" name=\"file-351\" \/><\/span>\n<\/p>\n<p>Acepto os termos da <a href=\"https:\/\/www.autoestradas.com\/politica-de-privacidad\/\" target=\"_blank\" rel=\"noopener\">pol\u00edtica de privacidade<\/a><span class=\"wpcf7-form-control-wrap\" data-name=\"checkbox-51\"><span class=\"wpcf7-form-control wpcf7-checkbox wpcf7-validates-as-required wpcf7-exclusive-checkbox\"><span class=\"wpcf7-list-item first\"><label><input type=\"checkbox\" name=\"checkbox-51\" value=\"S\u00f3 alg\u00fans\" \/><span class=\"wpcf7-list-item-label\">S\u00f3 alg\u00fans<\/span><\/label><\/span><span class=\"wpcf7-list-item last\"><label><input type=\"checkbox\" name=\"checkbox-51\" value=\"Acepto todos\" \/><span class=\"wpcf7-list-item-label\">Acepto todos<\/span><\/label><\/span><\/span><\/span>\n<\/p>\n<div data-id=\"legal\" data-orig_data_id=\"legal\"  class=\"\" data-class=\"wpcf7cf_group\">\n\t<p><span class=\"wpcf7-form-control-wrap\" data-name=\"acceptance-38\"><span class=\"wpcf7-form-control wpcf7-acceptance optional\"><span class=\"wpcf7-list-item\"><label><input type=\"checkbox\" name=\"acceptance-38\" value=\"1\" aria-invalid=\"false\" \/><span class=\"wpcf7-list-item-label\">Acepto que Autopistas del Atl\u00e1ntico me env\u00ede publicidade de produtos e servizos propios<\/span><\/label><\/span><\/span><\/span><br \/>\n<span class=\"wpcf7-form-control-wrap\" data-name=\"acceptance-39\"><span class=\"wpcf7-form-control wpcf7-acceptance optional\"><span class=\"wpcf7-list-item\"><label><input type=\"checkbox\" name=\"acceptance-39\" value=\"1\" aria-invalid=\"false\" \/><span class=\"wpcf7-list-item-label\">Acepto que Autopistas del Atl\u00e1ntico me env\u00ede publicidade de produtos e servizos de empresas colaboradoras<\/span><\/label><\/span><\/span><\/span>\n\t<\/p>\n<\/div>\n<p><input class=\"wpcf7-form-control wpcf7-submit has-spinner\" type=\"submit\" value=\"Enviar\" \/>\n<\/p><div class=\"wpcf7-response-output\" aria-hidden=\"true\"><\/div>\n<\/form>\n<\/div>\n<\/div>\n\t\t\t\t\t\t<\/div>\n\t\t\t\t<\/div>\n\t\t\t\t\t<\/div>\n\t\t<\/div>\n\t\t\t\t\t<\/div>\n\t\t<\/section>\n\t\t\t\t<section class=\"elementor-section elementor-top-section elementor-element elementor-element-6df138f elementor-section-boxed elementor-section-height-default elementor-section-height-default\" data-id=\"6df138f\" data-element_type=\"section\" data-e-type=\"section\">\n\t\t\t\t\t\t<div class=\"elementor-container elementor-column-gap-default\">\n\t\t\t\t\t<div class=\"elementor-column elementor-col-100 elementor-top-column elementor-element elementor-element-0a9a57b\" data-id=\"0a9a57b\" data-element_type=\"column\" data-e-type=\"column\">\n\t\t\t<div class=\"elementor-widget-wrap elementor-element-populated\">\n\t\t\t\t\t\t<div class=\"elementor-element elementor-element-6f5dd57 elementor-widget elementor-widget-text-editor\" data-id=\"6f5dd57\" data-element_type=\"widget\" data-e-type=\"widget\" data-widget_type=\"text-editor.default\">\n\t\t\t\t<div class=\"elementor-widget-container\">\n\t\t\t\t\t\t\t\t\t<p style=\"text-align: center;\">Env\u00edanos un correo electr\u00f3nico o ch\u00e1manos a calquera hora e dar\u00e9moste unha resposta \u00a0o antes posible<\/p>\t\t\t\t\t\t\t\t<\/div>\n\t\t\t\t<\/div>\n\t\t\t\t\t<\/div>\n\t\t<\/div>\n\t\t\t\t\t<\/div>\n\t\t<\/section>\n\t\t\t\t<section class=\"elementor-section elementor-top-section elementor-element elementor-element-6c7b690 elementor-section-boxed elementor-section-height-default elementor-section-height-default\" data-id=\"6c7b690\" data-element_type=\"section\" data-e-type=\"section\">\n\t\t\t\t\t\t<div class=\"elementor-container elementor-column-gap-default\">\n\t\t\t\t\t<div class=\"elementor-column elementor-col-50 elementor-top-column elementor-element elementor-element-e9195c5\" data-id=\"e9195c5\" data-element_type=\"column\" data-e-type=\"column\">\n\t\t\t<div class=\"elementor-widget-wrap elementor-element-populated\">\n\t\t\t\t\t\t<div class=\"elementor-element elementor-element-e6d39b0 elementor-widget elementor-widget-heading\" data-id=\"e6d39b0\" data-element_type=\"widget\" data-e-type=\"widget\" data-widget_type=\"heading.default\">\n\t\t\t\t<div class=\"elementor-widget-container\">\n\t\t\t\t\t<h2 class=\"elementor-heading-title elementor-size-default\">Escr\u00edbenos<\/h2>\t\t\t\t<\/div>\n\t\t\t\t<\/div>\n\t\t\t\t<section class=\"elementor-section elementor-inner-section elementor-element elementor-element-ed4d766 elementor-section-boxed elementor-section-height-default elementor-section-height-default\" data-id=\"ed4d766\" data-element_type=\"section\" data-e-type=\"section\" data-settings=\"{&quot;background_background&quot;:&quot;classic&quot;}\">\n\t\t\t\t\t\t<div class=\"elementor-container elementor-column-gap-default\">\n\t\t\t\t\t<div class=\"make-column-clickable-elementor elementor-column elementor-col-100 elementor-inner-column elementor-element elementor-element-e6a72b4\" style=\"cursor: pointer;\" data-column-clickable=\"mailto:atencionalcliente@audasa.es\" data-column-clickable-blank=\"_self\" data-id=\"e6a72b4\" data-element_type=\"column\" data-e-type=\"column\">\n\t\t\t<div class=\"elementor-widget-wrap elementor-element-populated\">\n\t\t\t\t\t\t<div class=\"elementor-element elementor-element-92ac7cb elementor-widget elementor-widget-text-editor\" data-id=\"92ac7cb\" data-element_type=\"widget\" data-e-type=\"widget\" data-widget_type=\"text-editor.default\">\n\t\t\t\t<div class=\"elementor-widget-container\">\n\t\t\t\t\t\t\t\t\t<p style=\"text-align: center;\">CORREO ELECTR\u00d3NICO<\/p>\t\t\t\t\t\t\t\t<\/div>\n\t\t\t\t<\/div>\n\t\t\t\t<div class=\"elementor-element elementor-element-94bd4ce elementor-view-default elementor-widget elementor-widget-icon\" data-id=\"94bd4ce\" data-element_type=\"widget\" data-e-type=\"widget\" data-widget_type=\"icon.default\">\n\t\t\t\t<div class=\"elementor-widget-container\">\n\t\t\t\t\t\t\t<div class=\"elementor-icon-wrapper\">\n\t\t\t<div class=\"elementor-icon\">\n\t\t\t<i aria-hidden=\"true\" class=\"fas fa-envelope\"><\/i>\t\t\t<\/div>\n\t\t<\/div>\n\t\t\t\t\t\t<\/div>\n\t\t\t\t<\/div>\n\t\t\t\t<div class=\"elementor-element elementor-element-f32eead elementor-widget elementor-widget-text-editor\" data-id=\"f32eead\" data-element_type=\"widget\" data-e-type=\"widget\" data-widget_type=\"text-editor.default\">\n\t\t\t\t<div class=\"elementor-widget-container\">\n\t\t\t\t\t\t\t\t\t<p style=\"text-align: center;\"><span style=\"color: #4054b2;\"><a style=\"color: #4054b2;\" href=\"mailto:atencionalcliente@autoestradas.com\">atencionalcliente@autoestradas.com<\/a><\/span><\/p>\t\t\t\t\t\t\t\t<\/div>\n\t\t\t\t<\/div>\n\t\t\t\t\t<\/div>\n\t\t<\/div>\n\t\t\t\t\t<\/div>\n\t\t<\/section>\n\t\t\t\t\t<\/div>\n\t\t<\/div>\n\t\t\t\t<div class=\"elementor-column elementor-col-50 elementor-top-column elementor-element elementor-element-a9b97e0\" data-id=\"a9b97e0\" data-element_type=\"column\" data-e-type=\"column\">\n\t\t\t<div class=\"elementor-widget-wrap elementor-element-populated\">\n\t\t\t\t\t\t<div class=\"elementor-element elementor-element-2340a50 elementor-widget elementor-widget-heading\" data-id=\"2340a50\" data-element_type=\"widget\" data-e-type=\"widget\" data-widget_type=\"heading.default\">\n\t\t\t\t<div class=\"elementor-widget-container\">\n\t\t\t\t\t<h2 class=\"elementor-heading-title elementor-size-default\">Ch\u00e1manos<\/h2>\t\t\t\t<\/div>\n\t\t\t\t<\/div>\n\t\t\t\t<section class=\"elementor-section elementor-inner-section elementor-element elementor-element-7c18029 elementor-section-boxed elementor-section-height-default elementor-section-height-default\" data-id=\"7c18029\" data-element_type=\"section\" data-e-type=\"section\" data-settings=\"{&quot;background_background&quot;:&quot;classic&quot;}\">\n\t\t\t\t\t\t<div class=\"elementor-container elementor-column-gap-default\">\n\t\t\t\t\t<div class=\"make-column-clickable-elementor elementor-column elementor-col-100 elementor-inner-column elementor-element elementor-element-bddaf37\" style=\"cursor: pointer;\" data-column-clickable=\"tel:900816238\" data-column-clickable-blank=\"_self\" data-id=\"bddaf37\" data-element_type=\"column\" data-e-type=\"column\">\n\t\t\t<div class=\"elementor-widget-wrap elementor-element-populated\">\n\t\t\t\t\t\t<div class=\"elementor-element elementor-element-8646dc8 elementor-widget elementor-widget-text-editor\" data-id=\"8646dc8\" data-element_type=\"widget\" data-e-type=\"widget\" data-widget_type=\"text-editor.default\">\n\t\t\t\t<div class=\"elementor-widget-container\">\n\t\t\t\t\t\t\t\t\t<p style=\"text-align: center;\">TEL\u00c9FONO<\/p>\t\t\t\t\t\t\t\t<\/div>\n\t\t\t\t<\/div>\n\t\t\t\t<div class=\"elementor-element elementor-element-fd02498 elementor-view-default elementor-widget elementor-widget-icon\" data-id=\"fd02498\" data-element_type=\"widget\" data-e-type=\"widget\" data-widget_type=\"icon.default\">\n\t\t\t\t<div class=\"elementor-widget-container\">\n\t\t\t\t\t\t\t<div class=\"elementor-icon-wrapper\">\n\t\t\t<div class=\"elementor-icon\">\n\t\t\t<i aria-hidden=\"true\" class=\"fas fa-phone-square-alt\"><\/i>\t\t\t<\/div>\n\t\t<\/div>\n\t\t\t\t\t\t<\/div>\n\t\t\t\t<\/div>\n\t\t\t\t<div class=\"elementor-element elementor-element-5613705 elementor-widget elementor-widget-text-editor\" data-id=\"5613705\" data-element_type=\"widget\" data-e-type=\"widget\" data-widget_type=\"text-editor.default\">\n\t\t\t\t<div class=\"elementor-widget-container\">\n\t\t\t\t\t\t\t\t\t<p style=\"text-align: center;\"><span style=\"color: #4054b2;\"><a style=\"color: #4054b2;\" href=\"tel:900816238\">900 816 238<\/a><\/span><\/p>\t\t\t\t\t\t\t\t<\/div>\n\t\t\t\t<\/div>\n\t\t\t\t\t<\/div>\n\t\t<\/div>\n\t\t\t\t\t<\/div>\n\t\t<\/section>\n\t\t\t\t\t<\/div>\n\t\t<\/div>\n\t\t\t\t\t<\/div>\n\t\t<\/section>\n\t\t\t\t<\/div>\n\t\t","protected":false},"excerpt":{"rendered":"<p>Como podemos axudarte? Enche o formulario e contactaremos contigo o antes posible Env\u00edanos un correo electr\u00f3nico o ch\u00e1manos a calquera hora e dar\u00e9moste unha resposta \u00a0o antes posible Escr\u00edbenos CORREO ELECTR\u00d3NICO atencionalcliente@autoestradas.com Ch\u00e1manos TEL\u00c9FONO 900 816 238<\/p>\n","protected":false},"author":1,"featured_media":0,"parent":0,"menu_order":0,"comment_status":"closed","ping_status":"closed","template":"elementor_header_footer","meta":{"_monsterinsights_skip_tracking":false,"_monsterinsights_sitenote_active":false,"_monsterinsights_sitenote_note":"","_monsterinsights_sitenote_category":0,"footnotes":""},"class_list":["post-51","page","type-page","status-publish","hentry"],"aioseo_notices":[],"_links":{"self":[{"href":"https:\/\/atencionalcliente.autoestradas.com\/gl\/wp-json\/wp\/v2\/pages\/51","targetHints":{"allow":["GET"]}}],"collection":[{"href":"https:\/\/atencionalcliente.autoestradas.com\/gl\/wp-json\/wp\/v2\/pages"}],"about":[{"href":"https:\/\/atencionalcliente.autoestradas.com\/gl\/wp-json\/wp\/v2\/types\/page"}],"author":[{"embeddable":true,"href":"https:\/\/atencionalcliente.autoestradas.com\/gl\/wp-json\/wp\/v2\/users\/1"}],"replies":[{"embeddable":true,"href":"https:\/\/atencionalcliente.autoestradas.com\/gl\/wp-json\/wp\/v2\/comments?post=51"}],"version-history":[{"count":151,"href":"https:\/\/atencionalcliente.autoestradas.com\/gl\/wp-json\/wp\/v2\/pages\/51\/revisions"}],"predecessor-version":[{"id":2709,"href":"https:\/\/atencionalcliente.autoestradas.com\/gl\/wp-json\/wp\/v2\/pages\/51\/revisions\/2709"}],"wp:attachment":[{"href":"https:\/\/atencionalcliente.autoestradas.com\/gl\/wp-json\/wp\/v2\/media?parent=51"}],"curies":[{"name":"wp","href":"https:\/\/api.w.org\/{rel}","templated":true}]}}